{"id":2,"date":"2020-06-11T12:33:09","date_gmt":"2020-06-11T12:33:09","guid":{"rendered":"https:\/\/dalevueltas.net\/?page_id=2"},"modified":"2021-04-14T15:09:53","modified_gmt":"2021-04-14T14:09:53","slug":"sample-page","status":"publish","type":"page","link":"https:\/\/dalevueltas.net\/index.php\/sample-page\/","title":{"rendered":"Sobre m\u00ed &#8211; Niri buruz &#8211; About me"},"content":{"rendered":"\n<div class=\"wp-block-image\"><figure class=\"alignright size-large\"><img decoding=\"async\" loading=\"lazy\" width=\"398\" height=\"398\" src=\"https:\/\/i0.wp.com\/dalevueltas.net\/wp-content\/uploads\/2021\/04\/5e3388bdb6cb0089d4d12eb772772b67510e068a57fa4751f79f2fea3a0a9819.0.png?resize=398%2C398&#038;ssl=1\" alt=\"\" class=\"wp-image-25\" srcset=\"https:\/\/i0.wp.com\/dalevueltas.net\/wp-content\/uploads\/2021\/04\/5e3388bdb6cb0089d4d12eb772772b67510e068a57fa4751f79f2fea3a0a9819.0.png?w=398&amp;ssl=1 398w, https:\/\/i0.wp.com\/dalevueltas.net\/wp-content\/uploads\/2021\/04\/5e3388bdb6cb0089d4d12eb772772b67510e068a57fa4751f79f2fea3a0a9819.0.png?resize=300%2C300&amp;ssl=1 300w, https:\/\/i0.wp.com\/dalevueltas.net\/wp-content\/uploads\/2021\/04\/5e3388bdb6cb0089d4d12eb772772b67510e068a57fa4751f79f2fea3a0a9819.0.png?resize=150%2C150&amp;ssl=1 150w, https:\/\/i0.wp.com\/dalevueltas.net\/wp-content\/uploads\/2021\/04\/5e3388bdb6cb0089d4d12eb772772b67510e068a57fa4751f79f2fea3a0a9819.0.png?resize=88%2C88&amp;ssl=1 88w\" sizes=\"(max-width: 398px) 100vw, 398px\" data-recalc-dims=\"1\" \/><figcaption>Nire abatarra \/ Mi avatar \/ My avatar<\/figcaption><\/figure><\/div>\n\n\n\n<p class=\"has-large-font-size\"><em><strong>Navegando entre la comunicaci\u00f3n y la docencia<\/strong><\/em><\/p>\n\n\n\n<p>Me llamo Xabier Sagarzazu y tras m\u00e1s de dos d\u00e9cadas dedicado a la que siempre fue mi pasi\u00f3n, la comunicaci\u00f3n, estoy reorientando mi rumbo profesional hacia la docencia, confiado en que los vientos del periodismo, el marketing y mi bagaje en el mundo de las nuevas tecnolog\u00edas me sean tambi\u00e9n de utilidad para saber pilotar mi nuevo barco.<\/p>\n\n\n\n<p>Nac\u00ed en Hondarribia (Gipuzkoa) y vivo ahora felizmente afincado con mi familia en Pamplona-Iru\u00f1a. En este blog hablar\u00e9 de educaci\u00f3n, idiomas (euskera, castellano, ingl\u00e9s y franc\u00e9s son los que domino), tecnolog\u00eda, periodismo, cine, libros, gastronom\u00eda, fotograf\u00eda, videojuegos o simplemente, un poco de todo lo que se me ocurra.<\/p>\n\n\n\n<p>Espero que esta experiencia aporte conocimiento y valor a mi nueva trayectoria profesional y tambi\u00e9n enriquecerme personalmente, interactuando a trav\u00e9s de este medio.<\/p>\n\n\n\n<p class=\"has-large-font-size\"><em><strong> (EUS) Komunikazioaren eta irakaskuntzaren artean nabigatzen<\/strong><\/em><\/p>\n\n\n\n<p>Xabier Sagarzazu dut izena eta bi hamarkada baino gehiagoz nire pasioa  izan den komunikazioan aritu ondoren, nire norabide profesionala irakaskuntzara bideratzen ari naiz, kazetaritza, marketina eta teknologia berrien munduan dauzkadan ezagutzak nire itsasontzi berria gidatzen jakiteko ere baliagarriak izango zaizkidalakoan .<\/p>\n\n\n\n<p>Hondarribian (Gipuzkoa) jaio nintzen eta orain zoriontsu bizi naiz nire familiarekin Iru\u00f1ean. Blog honetan hezkuntza, hizkuntzak (euskara, gaztelania, ingelesa eta frantsesa dira nireak), teknologia, kazetaritza, zinema, liburuak, gastronomia, argazkilaritza, bideojokoak edo besterik gabe, bururatzen zaidan guztia izango ditut hizpide.<\/p>\n\n\n\n<p>Espero dut esperientzia berri honek ezagutza eta balioa ematea nire ibilbide profesional berriari, eta baita komunikabide berri honekin izango ditudan harreman eta elkarreraginek ni aberastea ere.<\/p>\n\n\n\n<p class=\"has-large-font-size\"><strong><em>(EN)<\/em><\/strong> <strong><em>Sailing between communication and teaching<\/em><\/strong><\/p>\n\n\n\n<p>My name is Xabier Sagarzazu, and after more than two decades of immersion in my passion for communication and media, I am now taking my professional direction into teaching, hopeful that the knowledge I have in the world of journalism, marketing, and new technologies will also be useful to me in guiding my new ship.<\/p>\n\n\n\n<p>I was born in Hondarribia (Gipuzkoa) and I live happily with my family in Pamplona-Iru\u00f1a. In this blog, I speak about education, languages (Basque, Spanish, English and French are mine), technology, journalism, cinema, books, gastronomy, photography, video games, or just anything that may come to my mind.<\/p>\n\n\n\n<p>I hope this new experience brings knowledge and value to my new professional career, as well as my new media connections and interactions here will enrich me.<\/p>\n<div style=\"text-align:center\" class=\"yasr-auto-insert-visitor\"><!--Yasr Visitor Votes Shortcode--><div id='yasr_visitor_votes_d2ca393b16912' class='yasr-visitor-votes'><div class=\"yasr-custom-text-vv-before yasr-custom-text-vv-before-2\">\u00a1Haz clic para puntuar esta entrada!<\/div><div id='yasr-vv-second-row-container-d2ca393b16912' \n                                        class='yasr-vv-second-row-container'><div id='yasr-visitor-votes-rater-d2ca393b16912'\n                                      class='yasr-rater-stars-vv'\n                                      data-rater-postid='2' \n                                      data-rating='0'\n                                      data-rater-starsize='24'\n                                      data-rater-readonly='false'\n                                      data-rater-nonce='91c4eb4807' \n                                      data-issingular='false'\n                                    ><\/div><div class=\"yasr-vv-stats-text-container\" id=\"yasr-vv-stats-text-container-d2ca393b16912\"><svg xmlns=\"https:\/\/www.w3.org\/2000\/svg\" width=\"20\" height=\"20\" \n                                   class=\"yasr-dashicons-visitor-stats\"\n                                   data-postid=\"2\" \n                                   id=\"yasr-stats-dashicon-d2ca393b16912\">\n                                   <path d=\"M18 18v-16h-4v16h4zM12 18v-11h-4v11h4zM6 18v-8h-4v8h4z\"><\/path>\n                               <\/svg><span id=\"yasr-vv-text-container-d2ca393b16912\" class=\"yasr-vv-text-container\">(Votos: <span id=\"yasr-vv-votes-number-container-d2ca393b16912\">0<\/span>  Promedio: <span id=\"yasr-vv-average-container-d2ca393b16912\">0<\/span>)<\/span><\/div><div id='yasr-vv-loader-d2ca393b16912' class='yasr-vv-container-loader'><\/div><\/div><div id='yasr-vv-bottom-container-d2ca393b16912' class='yasr-vv-bottom-container'><\/div><\/div><!--End Yasr Visitor Votes Shortcode--><\/div>","protected":false},"excerpt":{"rendered":"<p>Navegando entre la comunicaci\u00f3n y la docencia Me llamo Xabier Sagarzazu y tras m\u00e1s de dos d\u00e9cadas dedicado a la que siempre fue mi pasi\u00f3n, la comunicaci\u00f3n, estoy reorientando mi rumbo profesional hacia la docencia, confiado en que los vientos del periodismo, el marketing y mi bagaje en el mundo de las nuevas tecnolog\u00edas me [&hellip;]<\/p>\n","protected":false},"author":1,"featured_media":0,"parent":0,"menu_order":0,"comment_status":"closed","ping_status":"open","template":"","meta":{"yasr_overall_rating":0,"yasr_post_is_review":"","yasr_auto_insert_disabled":"","yasr_review_type":"","spay_email":""},"yasr_visitor_votes":{"number_of_votes":0,"sum_votes":0,"stars_attributes":{"read_only":false,"span_bottom":false}},"_links":{"self":[{"href":"https:\/\/dalevueltas.net\/index.php\/wp-json\/wp\/v2\/pages\/2"}],"collection":[{"href":"https:\/\/dalevueltas.net\/index.php\/wp-json\/wp\/v2\/pages"}],"about":[{"href":"https:\/\/dalevueltas.net\/index.php\/wp-json\/wp\/v2\/types\/page"}],"author":[{"embeddable":true,"href":"https:\/\/dalevueltas.net\/index.php\/wp-json\/wp\/v2\/users\/1"}],"replies":[{"embeddable":true,"href":"https:\/\/dalevueltas.net\/index.php\/wp-json\/wp\/v2\/comments?post=2"}],"version-history":[{"count":7,"href":"https:\/\/dalevueltas.net\/index.php\/wp-json\/wp\/v2\/pages\/2\/revisions"}],"predecessor-version":[{"id":50,"href":"https:\/\/dalevueltas.net\/index.php\/wp-json\/wp\/v2\/pages\/2\/revisions\/50"}],"wp:attachment":[{"href":"https:\/\/dalevueltas.net\/index.php\/wp-json\/wp\/v2\/media?parent=2"}],"curies":[{"name":"wp","href":"https:\/\/api.w.org\/{rel}","templated":true}]}}